{"id":71,"date":"2025-02-17T15:08:26","date_gmt":"2025-02-17T14:08:26","guid":{"rendered":"https:\/\/ariane-mediterranee.fr\/?page_id=71"},"modified":"2025-02-19T15:27:37","modified_gmt":"2025-02-19T14:27:37","slug":"contact","status":"publish","type":"page","link":"https:\/\/ariane-mediterranee.fr\/index.php\/contact\/","title":{"rendered":"Contact"},"content":{"rendered":"\t\t<div data-elementor-type=\"wp-page\" data-elementor-id=\"71\" class=\"elementor elementor-71\" data-elementor-post-type=\"page\">\n\t\t\t\t<div class=\"elementor-element elementor-element-69b3a97 e-con-full e-flex e-con e-parent\" data-id=\"69b3a97\" data-element_type=\"container\" data-settings=\"{&quot;background_background&quot;:&quot;classic&quot;,&quot;shape_divider_bottom&quot;:&quot;curve&quot;}\">\n\t\t\t\t<div class=\"elementor-shape elementor-shape-bottom\" data-negative=\"false\">\n\t\t\t<svg xmlns=\"http:\/\/www.w3.org\/2000\/svg\" viewBox=\"0 0 1000 100\" preserveAspectRatio=\"none\">\n    <path class=\"elementor-shape-fill\" d=\"M1000,4.3V0H0v4.3C0.9,23.1,126.7,99.2,500,100S1000,22.7,1000,4.3z\"\/>\n<\/svg>\t\t<\/div>\n\t\t\t\t<div class=\"elementor-element elementor-element-d3489f6 elementor-widget elementor-widget-heading\" data-id=\"d3489f6\" data-element_type=\"widget\" data-widget_type=\"heading.default\">\n\t\t\t\t<div class=\"elementor-widget-container\">\n\t\t\t\t\t<h1 class=\"elementor-heading-title elementor-size-default\">Contact<\/h1>\t\t\t\t<\/div>\n\t\t\t\t<\/div>\n\t\t\t\t<div class=\"elementor-element elementor-element-72985d4 elementor-widget-divider--view-line elementor-widget elementor-widget-divider\" data-id=\"72985d4\" data-element_type=\"widget\" data-widget_type=\"divider.default\">\n\t\t\t\t<div class=\"elementor-widget-container\">\n\t\t\t\t\t\t\t<div class=\"elementor-divider\">\n\t\t\t<span class=\"elementor-divider-separator\">\n\t\t\t\t\t\t<\/span>\n\t\t<\/div>\n\t\t\t\t\t\t<\/div>\n\t\t\t\t<\/div>\n\t\t\t\t<div class=\"elementor-element elementor-element-09880bc elementor-widget elementor-widget-text-editor\" data-id=\"09880bc\" data-element_type=\"widget\" data-widget_type=\"text-editor.default\">\n\t\t\t\t<div class=\"elementor-widget-container\">\n\t\t\t\t\t\t\t\t\t<p>Pour nous consulter, remplissez le formulaire ci-dessous, nous vous r\u00e9pondrons dans les meilleurs d\u00e9lais.<\/p>\t\t\t\t\t\t\t\t<\/div>\n\t\t\t\t<\/div>\n\t\t\t\t<\/div>\n\t\t<div class=\"elementor-element elementor-element-5720b32 e-flex e-con-boxed e-con e-parent\" data-id=\"5720b32\" data-element_type=\"container\">\n\t\t\t\t\t<div class=\"e-con-inner\">\n\t\t<div class=\"elementor-element elementor-element-587b251 e-con-full e-flex e-con e-child\" data-id=\"587b251\" data-element_type=\"container\">\n\t\t\t\t<div class=\"elementor-element elementor-element-f6d3fa2 elementor-widget elementor-widget-heading\" data-id=\"f6d3fa2\" data-element_type=\"widget\" data-widget_type=\"heading.default\">\n\t\t\t\t<div class=\"elementor-widget-container\">\n\t\t\t\t\t<h4 class=\"elementor-heading-title elementor-size-default\">Adresse<\/h4>\t\t\t\t<\/div>\n\t\t\t\t<\/div>\n\t\t\t\t<div class=\"elementor-element elementor-element-5a9daea elementor-widget-divider--view-line elementor-widget elementor-widget-divider\" data-id=\"5a9daea\" data-element_type=\"widget\" data-widget_type=\"divider.default\">\n\t\t\t\t<div class=\"elementor-widget-container\">\n\t\t\t\t\t\t\t<div class=\"elementor-divider\">\n\t\t\t<span class=\"elementor-divider-separator\">\n\t\t\t\t\t\t<\/span>\n\t\t<\/div>\n\t\t\t\t\t\t<\/div>\n\t\t\t\t<\/div>\n\t\t<div class=\"elementor-element elementor-element-3095cc0 e-con-full e-flex e-con e-child\" data-id=\"3095cc0\" data-element_type=\"container\">\n\t\t\t\t<div class=\"elementor-element elementor-element-5edc343 elementor-view-default elementor-widget elementor-widget-icon\" data-id=\"5edc343\" data-element_type=\"widget\" data-widget_type=\"icon.default\">\n\t\t\t\t<div class=\"elementor-widget-container\">\n\t\t\t\t\t\t\t<div class=\"elementor-icon-wrapper\">\n\t\t\t<div class=\"elementor-icon\">\n\t\t\t<svg aria-hidden=\"true\" class=\"e-font-icon-svg e-fas-map-marker-alt\" viewBox=\"0 0 384 512\" xmlns=\"http:\/\/www.w3.org\/2000\/svg\"><path d=\"M172.268 501.67C26.97 291.031 0 269.413 0 192 0 85.961 85.961 0 192 0s192 85.961 192 192c0 77.413-26.97 99.031-172.268 309.67-9.535 13.774-29.93 13.773-39.464 0zM192 272c44.183 0 80-35.817 80-80s-35.817-80-80-80-80 35.817-80 80 35.817 80 80 80z\"><\/path><\/svg>\t\t\t<\/div>\n\t\t<\/div>\n\t\t\t\t\t\t<\/div>\n\t\t\t\t<\/div>\n\t\t\t\t<div class=\"elementor-element elementor-element-c657a60 elementor-widget elementor-widget-text-editor\" data-id=\"c657a60\" data-element_type=\"widget\" data-widget_type=\"text-editor.default\">\n\t\t\t\t<div class=\"elementor-widget-container\">\n\t\t\t\t\t\t\t\t\t<p>9 Impasse Jacques Monod, 83160 La Valette-du-Var<\/p>\t\t\t\t\t\t\t\t<\/div>\n\t\t\t\t<\/div>\n\t\t\t\t<\/div>\n\t\t<div class=\"elementor-element elementor-element-47dec02 e-con-full e-flex e-con e-child\" data-id=\"47dec02\" data-element_type=\"container\">\n\t\t\t\t<div class=\"elementor-element elementor-element-4ce792f elementor-view-default elementor-widget elementor-widget-icon\" data-id=\"4ce792f\" data-element_type=\"widget\" data-widget_type=\"icon.default\">\n\t\t\t\t<div class=\"elementor-widget-container\">\n\t\t\t\t\t\t\t<div class=\"elementor-icon-wrapper\">\n\t\t\t<div class=\"elementor-icon\">\n\t\t\t<svg aria-hidden=\"true\" class=\"e-font-icon-svg e-far-envelope\" viewBox=\"0 0 512 512\" xmlns=\"http:\/\/www.w3.org\/2000\/svg\"><path d=\"M464 64H48C21.49 64 0 85.49 0 112v288c0 26.51 21.49 48 48 48h416c26.51 0 48-21.49 48-48V112c0-26.51-21.49-48-48-48zm0 48v40.805c-22.422 18.259-58.168 46.651-134.587 106.49-16.841 13.247-50.201 45.072-73.413 44.701-23.208.375-56.579-31.459-73.413-44.701C106.18 199.465 70.425 171.067 48 152.805V112h416zM48 400V214.398c22.914 18.251 55.409 43.862 104.938 82.646 21.857 17.205 60.134 55.186 103.062 54.955 42.717.231 80.509-37.199 103.053-54.947 49.528-38.783 82.032-64.401 104.947-82.653V400H48z\"><\/path><\/svg>\t\t\t<\/div>\n\t\t<\/div>\n\t\t\t\t\t\t<\/div>\n\t\t\t\t<\/div>\n\t\t\t\t<div class=\"elementor-element elementor-element-2ccd584 elementor-widget elementor-widget-text-editor\" data-id=\"2ccd584\" data-element_type=\"widget\" data-widget_type=\"text-editor.default\">\n\t\t\t\t<div class=\"elementor-widget-container\">\n\t\t\t\t\t\t\t\t\t<p><a href=\"mailto:contact@ariane-mediterranee.fr\">contact@ariane-mediterranee.fr<\/a><\/p>\t\t\t\t\t\t\t\t<\/div>\n\t\t\t\t<\/div>\n\t\t\t\t<\/div>\n\t\t<div class=\"elementor-element elementor-element-7d2ee80 e-con-full e-flex e-con e-child\" data-id=\"7d2ee80\" data-element_type=\"container\">\n\t\t\t\t<div class=\"elementor-element elementor-element-246acdc elementor-view-default elementor-widget elementor-widget-icon\" data-id=\"246acdc\" data-element_type=\"widget\" data-widget_type=\"icon.default\">\n\t\t\t\t<div class=\"elementor-widget-container\">\n\t\t\t\t\t\t\t<div class=\"elementor-icon-wrapper\">\n\t\t\t<div class=\"elementor-icon\">\n\t\t\t<svg aria-hidden=\"true\" class=\"e-font-icon-svg e-fas-phone-alt\" viewBox=\"0 0 512 512\" xmlns=\"http:\/\/www.w3.org\/2000\/svg\"><path d=\"M497.39 361.8l-112-48a24 24 0 0 0-28 6.9l-49.6 60.6A370.66 370.66 0 0 1 130.6 204.11l60.6-49.6a23.94 23.94 0 0 0 6.9-28l-48-112A24.16 24.16 0 0 0 122.6.61l-104 24A24 24 0 0 0 0 48c0 256.5 207.9 464 464 464a24 24 0 0 0 23.4-18.6l24-104a24.29 24.29 0 0 0-14.01-27.6z\"><\/path><\/svg>\t\t\t<\/div>\n\t\t<\/div>\n\t\t\t\t\t\t<\/div>\n\t\t\t\t<\/div>\n\t\t\t\t<div class=\"elementor-element elementor-element-1292389 elementor-widget elementor-widget-text-editor\" data-id=\"1292389\" data-element_type=\"widget\" data-widget_type=\"text-editor.default\">\n\t\t\t\t<div class=\"elementor-widget-container\">\n\t\t\t\t\t\t\t\t\t<p><a href=\"tel:+3304.94.08.39.10\">+33 04.94.08.39.10<\/a><\/p>\t\t\t\t\t\t\t\t<\/div>\n\t\t\t\t<\/div>\n\t\t\t\t<\/div>\n\t\t\t\t<div class=\"elementor-element elementor-element-cb60464 elementor-widget elementor-widget-google_maps\" data-id=\"cb60464\" data-element_type=\"widget\" data-widget_type=\"google_maps.default\">\n\t\t\t\t<div class=\"elementor-widget-container\">\n\t\t\t\t\t\t\t<div class=\"elementor-custom-embed\">\n\t\t\t<iframe loading=\"lazy\"\n\t\t\t\t\tsrc=\"https:\/\/maps.google.com\/maps?q=9%20Impasse%20Jacques%20Monod%2083160%20La%20Valette-du-Var&#038;t=m&#038;z=13&#038;output=embed&#038;iwloc=near\"\n\t\t\t\t\ttitle=\"9 Impasse Jacques Monod 83160 La Valette-du-Var\"\n\t\t\t\t\taria-label=\"9 Impasse Jacques Monod 83160 La Valette-du-Var\"\n\t\t\t><\/iframe>\n\t\t<\/div>\n\t\t\t\t\t\t<\/div>\n\t\t\t\t<\/div>\n\t\t\t\t<\/div>\n\t\t<div class=\"elementor-element elementor-element-8c0e070 e-con-full e-flex e-con e-child\" data-id=\"8c0e070\" data-element_type=\"container\">\n\t\t\t\t<div class=\"elementor-element elementor-element-dadda54 elementor-widget elementor-widget-shortcode\" data-id=\"dadda54\" data-element_type=\"widget\" data-widget_type=\"shortcode.default\">\n\t\t\t\t<div class=\"elementor-widget-container\">\n\t\t\t\t\t\t\t<div class=\"elementor-shortcode\">\n<div class=\"wpcf7 no-js\" id=\"wpcf7-f614-o1\" lang=\"fr-FR\" dir=\"ltr\" data-wpcf7-id=\"614\">\n<div class=\"screen-reader-response\"><p role=\"status\" aria-live=\"polite\" aria-atomic=\"true\"><\/p> <ul><\/ul><\/div>\n<form action=\"\/index.php\/wp-json\/wp\/v2\/pages\/71#wpcf7-f614-o1\" method=\"post\" class=\"wpcf7-form init\" aria-label=\"Formulaire de contact\" novalidate=\"novalidate\" data-status=\"init\">\n<div style=\"display: none;\">\n<input type=\"hidden\" name=\"_wpcf7\" value=\"614\" \/>\n<input type=\"hidden\" name=\"_wpcf7_version\" value=\"6.0.5\" \/>\n<input type=\"hidden\" name=\"_wpcf7_locale\" value=\"fr_FR\" \/>\n<input type=\"hidden\" name=\"_wpcf7_unit_tag\" value=\"wpcf7-f614-o1\" \/>\n<input type=\"hidden\" name=\"_wpcf7_container_post\" value=\"0\" \/>\n<input type=\"hidden\" name=\"_wpcf7_posted_data_hash\" value=\"\" \/>\n<input type=\"hidden\" name=\"_wpcf7_recaptcha_response\" value=\"\" \/>\n<\/div>\n<div class=\"name-row\">\n\t<div class=\"input-half\">\n\t\t<p><span class=\"wpcf7-form-control-wrap\" data-name=\"prenom\"><input size=\"40\" maxlength=\"400\" class=\"wpcf7-form-control wpcf7-text wpcf7-validates-as-required form-input\" aria-required=\"true\" aria-invalid=\"false\" placeholder=\"Pr\u00e9nom *\" value=\"\" type=\"text\" name=\"prenom\" \/><\/span>\n\t\t<\/p>\n\t<\/div>\n\t<div class=\"input-half\">\n\t\t<p><span class=\"wpcf7-form-control-wrap\" data-name=\"nom\"><input size=\"40\" maxlength=\"400\" class=\"wpcf7-form-control wpcf7-text wpcf7-validates-as-required form-input\" aria-required=\"true\" aria-invalid=\"false\" placeholder=\"Nom *\" value=\"\" type=\"text\" name=\"nom\" \/><\/span>\n\t\t<\/p>\n\t<\/div>\n<\/div>\n<p><span class=\"wpcf7-form-control-wrap\" data-name=\"societe\"><input size=\"40\" maxlength=\"400\" class=\"wpcf7-form-control wpcf7-text wpcf7-validates-as-required form-input\" aria-required=\"true\" aria-invalid=\"false\" placeholder=\"Soci\u00e9t\u00e9 *\" value=\"\" type=\"text\" name=\"societe\" \/><\/span>\n<\/p>\n<p><span class=\"wpcf7-form-control-wrap\" data-name=\"email\"><input size=\"40\" maxlength=\"400\" class=\"wpcf7-form-control wpcf7-email wpcf7-validates-as-required wpcf7-text wpcf7-validates-as-email form-input\" aria-required=\"true\" aria-invalid=\"false\" placeholder=\"E-mail *\" value=\"\" type=\"email\" name=\"email\" \/><\/span>\n<\/p>\n<div class=\"phone-row\">\n\t<div class=\"input-half\">\n\t\t<p><span class=\"wpcf7-form-control-wrap\" data-name=\"mobile\"><input size=\"40\" maxlength=\"400\" class=\"wpcf7-form-control wpcf7-tel wpcf7-validates-as-required wpcf7-text wpcf7-validates-as-tel form-input\" aria-required=\"true\" aria-invalid=\"false\" placeholder=\"Mobile *\" value=\"\" type=\"tel\" name=\"mobile\" \/><\/span>\n\t\t<\/p>\n\t<\/div>\n\t<div class=\"input-half\">\n\t\t<p><span class=\"wpcf7-form-control-wrap\" data-name=\"tel\"><input size=\"40\" maxlength=\"400\" class=\"wpcf7-form-control wpcf7-tel wpcf7-text wpcf7-validates-as-tel form-input\" aria-invalid=\"false\" placeholder=\"T\u00e9l\u00e9phone\" value=\"\" type=\"tel\" name=\"tel\" \/><\/span>\n\t\t<\/p>\n\t<\/div>\n<\/div>\n<p><span class=\"wpcf7-form-control-wrap\" data-name=\"objet\"><input size=\"40\" maxlength=\"400\" class=\"wpcf7-form-control wpcf7-text wpcf7-validates-as-required form-input\" aria-required=\"true\" aria-invalid=\"false\" placeholder=\"Objet *\" value=\"\" type=\"text\" name=\"objet\" \/><\/span>\n<\/p>\n<p><span class=\"wpcf7-form-control-wrap\" data-name=\"message\"><textarea cols=\"40\" rows=\"10\" maxlength=\"2000\" class=\"wpcf7-form-control wpcf7-textarea form-textarea\" aria-invalid=\"false\" placeholder=\"Votre message\" name=\"message\"><\/textarea><\/span>\n<\/p>\n<p><input class=\"wpcf7-form-control wpcf7-submit has-spinner button-submit\" type=\"submit\" value=\"Envoyer\" \/>\n<\/p><p style=\"display: none !important;\" class=\"akismet-fields-container\" data-prefix=\"_wpcf7_ak_\"><label>&#916;<textarea name=\"_wpcf7_ak_hp_textarea\" cols=\"45\" rows=\"8\" maxlength=\"100\"><\/textarea><\/label><input type=\"hidden\" id=\"ak_js_1\" name=\"_wpcf7_ak_js\" value=\"226\"\/><script>document.getElementById( \"ak_js_1\" ).setAttribute( \"value\", ( new Date() ).getTime() );<\/script><\/p><div class=\"wpcf7-response-output\" aria-hidden=\"true\"><\/div>\n<\/form>\n<\/div>\n<\/div>\n\t\t\t\t\t\t<\/div>\n\t\t\t\t<\/div>\n\t\t\t\t<div class=\"elementor-element elementor-element-b044e6b elementor-widget elementor-widget-text-editor\" data-id=\"b044e6b\" data-element_type=\"widget\" data-widget_type=\"text-editor.default\">\n\t\t\t\t<div class=\"elementor-widget-container\">\n\t\t\t\t\t\t\t\t\t<p>* Champs obligatoires<\/p>\t\t\t\t\t\t\t\t<\/div>\n\t\t\t\t<\/div>\n\t\t\t\t<div class=\"elementor-element elementor-element-7ded3ee elementor-widget elementor-widget-text-editor\" data-id=\"7ded3ee\" data-element_type=\"widget\" data-widget_type=\"text-editor.default\">\n\t\t\t\t<div class=\"elementor-widget-container\">\n\t\t\t\t\t\t\t\t\t<p>Les informations recueillies \u00e0 partir de ce formulaire sont n\u00e9cessaires \u00e0 l&rsquo;instruction de votre demande. En envoyant ce formulaire vous consentez \u00e0 l&rsquo;enregistrement et \u00e0 la transmission aux services de en charge de son traitement.<br \/>Vous disposez de droits Informatique et Libert\u00e9s sur les donn\u00e9es vous concernant, que vous pouvez exercer en contactant le d\u00e9l\u00e9gu\u00e9 \u00e0 la protection des donn\u00e9es de .\u00a0<a href=\"https:\/\/www.ariane-mediterranee.fr\/fr\/mentions.htm\" target=\"_blank\" rel=\"noopener\">Politique de protection des donn\u00e9es personnelles<\/a>. Nous vous informons de l&rsquo;existence de la liste d&rsquo;opposition au d\u00e9marchage t\u00e9l\u00e9phonique\u00a0<b>Bloctel<\/b>, sur laquelle vous pouvez vous inscrire ici :\u00a0<a href=\"https:\/\/www.bloctel.gouv.fr\/\" target=\"_blank\" rel=\"noopener\">https:\/\/www.bloctel.gouv.fr\/<\/a>.<\/p>\t\t\t\t\t\t\t\t<\/div>\n\t\t\t\t<\/div>\n\t\t\t\t<\/div>\n\t\t\t\t\t<\/div>\n\t\t\t\t<\/div>\n\t\t\t\t<\/div>\n\t\t","protected":false},"excerpt":{"rendered":"<p>Contact Pour nous consulter, remplissez le formulaire ci-dessous, nous vous r\u00e9pondrons dans les meilleurs d\u00e9lais. Adresse 9 Impasse Jacques Monod, 83160 La Valette-du-Var contact@ariane-mediterranee.fr +33 04.94.08.39.10 * Champs obligatoires Les informations recueillies \u00e0 partir de ce formulaire sont n\u00e9cessaires \u00e0 l&rsquo;instruction de votre demande. En envoyant ce formulaire vous consentez \u00e0 l&rsquo;enregistrement et \u00e0 la [&hellip;]<\/p>\n","protected":false},"author":1,"featured_media":0,"parent":0,"menu_order":0,"comment_status":"closed","ping_status":"closed","template":"","meta":{"footnotes":""},"class_list":["post-71","page","type-page","status-publish","hentry"],"yoast_head":"<!-- This site is optimized with the Yoast SEO plugin v24.6 - https:\/\/yoast.com\/wordpress\/plugins\/seo\/ -->\n<title>Contact - Ariane M\u00e9diterran\u00e9e<\/title>\n<meta name=\"robots\" content=\"index, follow, max-snippet:-1, max-image-preview:large, max-video-preview:-1\" \/>\n<link rel=\"canonical\" href=\"https:\/\/ariane-mediterranee.fr\/index.php\/contact\/\" \/>\n<meta property=\"og:locale\" content=\"fr_FR\" \/>\n<meta property=\"og:type\" content=\"article\" \/>\n<meta property=\"og:title\" content=\"Contact - Ariane M\u00e9diterran\u00e9e\" \/>\n<meta property=\"og:description\" content=\"Contact Pour nous consulter, remplissez le formulaire ci-dessous, nous vous r\u00e9pondrons dans les meilleurs d\u00e9lais. Adresse 9 Impasse Jacques Monod, 83160 La Valette-du-Var contact@ariane-mediterranee.fr +33 04.94.08.39.10 * Champs obligatoires Les informations recueillies \u00e0 partir de ce formulaire sont n\u00e9cessaires \u00e0 l&rsquo;instruction de votre demande. En envoyant ce formulaire vous consentez \u00e0 l&rsquo;enregistrement et \u00e0 la [&hellip;]\" \/>\n<meta property=\"og:url\" content=\"https:\/\/ariane-mediterranee.fr\/index.php\/contact\/\" \/>\n<meta property=\"og:site_name\" content=\"Ariane M\u00e9diterran\u00e9e\" \/>\n<meta property=\"article:modified_time\" content=\"2025-02-19T14:27:37+00:00\" \/>\n<meta name=\"twitter:card\" content=\"summary_large_image\" \/>\n<meta name=\"twitter:label1\" content=\"Dur\u00e9e de lecture estim\u00e9e\" \/>\n\t<meta name=\"twitter:data1\" content=\"1 minute\" \/>\n<script type=\"application\/ld+json\" class=\"yoast-schema-graph\">{\"@context\":\"https:\/\/schema.org\",\"@graph\":[{\"@type\":\"WebPage\",\"@id\":\"https:\/\/ariane-mediterranee.fr\/index.php\/contact\/\",\"url\":\"https:\/\/ariane-mediterranee.fr\/index.php\/contact\/\",\"name\":\"Contact - Ariane M\u00e9diterran\u00e9e\",\"isPartOf\":{\"@id\":\"https:\/\/ariane-mediterranee.fr\/#website\"},\"datePublished\":\"2025-02-17T14:08:26+00:00\",\"dateModified\":\"2025-02-19T14:27:37+00:00\",\"breadcrumb\":{\"@id\":\"https:\/\/ariane-mediterranee.fr\/index.php\/contact\/#breadcrumb\"},\"inLanguage\":\"fr-FR\",\"potentialAction\":[{\"@type\":\"ReadAction\",\"target\":[\"https:\/\/ariane-mediterranee.fr\/index.php\/contact\/\"]}]},{\"@type\":\"BreadcrumbList\",\"@id\":\"https:\/\/ariane-mediterranee.fr\/index.php\/contact\/#breadcrumb\",\"itemListElement\":[{\"@type\":\"ListItem\",\"position\":1,\"name\":\"Accueil\",\"item\":\"https:\/\/ariane-mediterranee.fr\/\"},{\"@type\":\"ListItem\",\"position\":2,\"name\":\"Contact\"}]},{\"@type\":\"WebSite\",\"@id\":\"https:\/\/ariane-mediterranee.fr\/#website\",\"url\":\"https:\/\/ariane-mediterranee.fr\/\",\"name\":\"Ariane M\u00e9diterran\u00e9e\",\"description\":\"Osons ensemble l&#039;inclusion pour tous\",\"publisher\":{\"@id\":\"https:\/\/ariane-mediterranee.fr\/#organization\"},\"potentialAction\":[{\"@type\":\"SearchAction\",\"target\":{\"@type\":\"EntryPoint\",\"urlTemplate\":\"https:\/\/ariane-mediterranee.fr\/?s={search_term_string}\"},\"query-input\":{\"@type\":\"PropertyValueSpecification\",\"valueRequired\":true,\"valueName\":\"search_term_string\"}}],\"inLanguage\":\"fr-FR\"},{\"@type\":\"Organization\",\"@id\":\"https:\/\/ariane-mediterranee.fr\/#organization\",\"name\":\"Ariane M\u00e9diterran\u00e9e\",\"url\":\"https:\/\/ariane-mediterranee.fr\/\",\"logo\":{\"@type\":\"ImageObject\",\"inLanguage\":\"fr-FR\",\"@id\":\"https:\/\/ariane-mediterranee.fr\/#\/schema\/logo\/image\/\",\"url\":\"https:\/\/ariane-mediterranee.fr\/wp-content\/uploads\/2025\/02\/cropped-Logo-noir.png\",\"contentUrl\":\"https:\/\/ariane-mediterranee.fr\/wp-content\/uploads\/2025\/02\/cropped-Logo-noir.png\",\"width\":1677,\"height\":1240,\"caption\":\"Ariane M\u00e9diterran\u00e9e\"},\"image\":{\"@id\":\"https:\/\/ariane-mediterranee.fr\/#\/schema\/logo\/image\/\"}}]}<\/script>\n<!-- \/ Yoast SEO plugin. -->","yoast_head_json":{"title":"Contact - Ariane M\u00e9diterran\u00e9e","robots":{"index":"index","follow":"follow","max-snippet":"max-snippet:-1","max-image-preview":"max-image-preview:large","max-video-preview":"max-video-preview:-1"},"canonical":"https:\/\/ariane-mediterranee.fr\/index.php\/contact\/","og_locale":"fr_FR","og_type":"article","og_title":"Contact - Ariane M\u00e9diterran\u00e9e","og_description":"Contact Pour nous consulter, remplissez le formulaire ci-dessous, nous vous r\u00e9pondrons dans les meilleurs d\u00e9lais. Adresse 9 Impasse Jacques Monod, 83160 La Valette-du-Var contact@ariane-mediterranee.fr +33 04.94.08.39.10 * Champs obligatoires Les informations recueillies \u00e0 partir de ce formulaire sont n\u00e9cessaires \u00e0 l&rsquo;instruction de votre demande. En envoyant ce formulaire vous consentez \u00e0 l&rsquo;enregistrement et \u00e0 la [&hellip;]","og_url":"https:\/\/ariane-mediterranee.fr\/index.php\/contact\/","og_site_name":"Ariane M\u00e9diterran\u00e9e","article_modified_time":"2025-02-19T14:27:37+00:00","twitter_card":"summary_large_image","twitter_misc":{"Dur\u00e9e de lecture estim\u00e9e":"1 minute"},"schema":{"@context":"https:\/\/schema.org","@graph":[{"@type":"WebPage","@id":"https:\/\/ariane-mediterranee.fr\/index.php\/contact\/","url":"https:\/\/ariane-mediterranee.fr\/index.php\/contact\/","name":"Contact - Ariane M\u00e9diterran\u00e9e","isPartOf":{"@id":"https:\/\/ariane-mediterranee.fr\/#website"},"datePublished":"2025-02-17T14:08:26+00:00","dateModified":"2025-02-19T14:27:37+00:00","breadcrumb":{"@id":"https:\/\/ariane-mediterranee.fr\/index.php\/contact\/#breadcrumb"},"inLanguage":"fr-FR","potentialAction":[{"@type":"ReadAction","target":["https:\/\/ariane-mediterranee.fr\/index.php\/contact\/"]}]},{"@type":"BreadcrumbList","@id":"https:\/\/ariane-mediterranee.fr\/index.php\/contact\/#breadcrumb","itemListElement":[{"@type":"ListItem","position":1,"name":"Accueil","item":"https:\/\/ariane-mediterranee.fr\/"},{"@type":"ListItem","position":2,"name":"Contact"}]},{"@type":"WebSite","@id":"https:\/\/ariane-mediterranee.fr\/#website","url":"https:\/\/ariane-mediterranee.fr\/","name":"Ariane M\u00e9diterran\u00e9e","description":"Osons ensemble l&#039;inclusion pour tous","publisher":{"@id":"https:\/\/ariane-mediterranee.fr\/#organization"},"potentialAction":[{"@type":"SearchAction","target":{"@type":"EntryPoint","urlTemplate":"https:\/\/ariane-mediterranee.fr\/?s={search_term_string}"},"query-input":{"@type":"PropertyValueSpecification","valueRequired":true,"valueName":"search_term_string"}}],"inLanguage":"fr-FR"},{"@type":"Organization","@id":"https:\/\/ariane-mediterranee.fr\/#organization","name":"Ariane M\u00e9diterran\u00e9e","url":"https:\/\/ariane-mediterranee.fr\/","logo":{"@type":"ImageObject","inLanguage":"fr-FR","@id":"https:\/\/ariane-mediterranee.fr\/#\/schema\/logo\/image\/","url":"https:\/\/ariane-mediterranee.fr\/wp-content\/uploads\/2025\/02\/cropped-Logo-noir.png","contentUrl":"https:\/\/ariane-mediterranee.fr\/wp-content\/uploads\/2025\/02\/cropped-Logo-noir.png","width":1677,"height":1240,"caption":"Ariane M\u00e9diterran\u00e9e"},"image":{"@id":"https:\/\/ariane-mediterranee.fr\/#\/schema\/logo\/image\/"}}]}},"_links":{"self":[{"href":"https:\/\/ariane-mediterranee.fr\/index.php\/wp-json\/wp\/v2\/pages\/71","targetHints":{"allow":["GET"]}}],"collection":[{"href":"https:\/\/ariane-mediterranee.fr\/index.php\/wp-json\/wp\/v2\/pages"}],"about":[{"href":"https:\/\/ariane-mediterranee.fr\/index.php\/wp-json\/wp\/v2\/types\/page"}],"author":[{"embeddable":true,"href":"https:\/\/ariane-mediterranee.fr\/index.php\/wp-json\/wp\/v2\/users\/1"}],"replies":[{"embeddable":true,"href":"https:\/\/ariane-mediterranee.fr\/index.php\/wp-json\/wp\/v2\/comments?post=71"}],"version-history":[{"count":4,"href":"https:\/\/ariane-mediterranee.fr\/index.php\/wp-json\/wp\/v2\/pages\/71\/revisions"}],"predecessor-version":[{"id":617,"href":"https:\/\/ariane-mediterranee.fr\/index.php\/wp-json\/wp\/v2\/pages\/71\/revisions\/617"}],"wp:attachment":[{"href":"https:\/\/ariane-mediterranee.fr\/index.php\/wp-json\/wp\/v2\/media?parent=71"}],"curies":[{"name":"wp","href":"https:\/\/api.w.org\/{rel}","templated":true}]}}