{"id":590,"date":"2025-02-19T14:40:20","date_gmt":"2025-02-19T13:40:20","guid":{"rendered":"https:\/\/ariane-mediterranee.fr\/?page_id=590"},"modified":"2026-01-23T13:52:57","modified_gmt":"2026-01-23T12:52:57","slug":"actualites","status":"publish","type":"page","link":"https:\/\/ariane-mediterranee.fr\/index.php\/actualites\/","title":{"rendered":"Actualit\u00e9s"},"content":{"rendered":"\t\t<div data-elementor-type=\"wp-page\" data-elementor-id=\"590\" class=\"elementor elementor-590\" data-elementor-post-type=\"page\">\n\t\t\t\t<div class=\"elementor-element elementor-element-1aae2fd e-con-full e-flex e-con e-parent\" data-id=\"1aae2fd\" data-element_type=\"container\">\n\t\t<div class=\"elementor-element elementor-element-6a20073 e-con-full e-flex e-con e-child\" data-id=\"6a20073\" data-element_type=\"container\" data-settings=\"{&quot;background_background&quot;:&quot;classic&quot;}\">\n\t\t\t\t<div class=\"elementor-element elementor-element-3851d1d elementor-widget elementor-widget-heading\" data-id=\"3851d1d\" data-element_type=\"widget\" data-widget_type=\"heading.default\">\n\t\t\t\t<div class=\"elementor-widget-container\">\n\t\t\t\t\t<h2 class=\"elementor-heading-title elementor-size-default\"><a href=\"https:\/\/ariane-mediterranee.fr\/index.php\/2025\/02\/19\/recap-duoday-2024\/\">R\u00e9capitulatif Horizon Bleu<\/a><\/h2>\t\t\t\t<\/div>\n\t\t\t\t<\/div>\n\t\t\t\t<div class=\"elementor-element elementor-element-4e1596d elementor-align-center elementor-widget elementor-widget-button\" data-id=\"4e1596d\" data-element_type=\"widget\" data-widget_type=\"button.default\">\n\t\t\t\t<div class=\"elementor-widget-container\">\n\t\t\t\t\t\t\t\t\t<div class=\"elementor-button-wrapper\">\n\t\t\t\t\t<a class=\"elementor-button elementor-button-link elementor-size-sm\" href=\"https:\/\/youtu.be\/uCe05iSQyYQ?si=rr9VtInMcDjJscZ3\" target=\"_blank\">\n\t\t\t\t\t\t<span class=\"elementor-button-content-wrapper\">\n\t\t\t\t\t\t<span class=\"elementor-button-icon\">\n\t\t\t\t<svg xmlns=\"http:\/\/www.w3.org\/2000\/svg\" width=\"800px\" height=\"800px\" viewBox=\"0 0 24 24\" fill=\"none\" stroke=\"#ffffff\" stroke-width=\"2\" stroke-linecap=\"round\" stroke-linejoin=\"round\" class=\"feather feather-arrow-up-right\"><g id=\"SVGRepo_bgCarrier\" stroke-width=\"0\"><\/g><g id=\"SVGRepo_tracerCarrier\" stroke-linecap=\"round\" stroke-linejoin=\"round\"><\/g><g id=\"SVGRepo_iconCarrier\"><line x1=\"7\" y1=\"17\" x2=\"17\" y2=\"7\"><\/line><polyline points=\"7 7 17 7 17 17\"><\/polyline><\/g><\/svg>\t\t\t<\/span>\n\t\t\t\t\t\t\t\t\t<span class=\"elementor-button-text\">Voir la vid\u00e9o r\u00e9capitulative<\/span>\n\t\t\t\t\t<\/span>\n\t\t\t\t\t<\/a>\n\t\t\t\t<\/div>\n\t\t\t\t\t\t\t\t<\/div>\n\t\t\t\t<\/div>\n\t\t\t\t<\/div>\n\t\t<div class=\"elementor-element elementor-element-096fcaf e-con-full e-flex e-con e-child\" data-id=\"096fcaf\" data-element_type=\"container\" data-settings=\"{&quot;background_background&quot;:&quot;classic&quot;}\">\n\t\t\t\t<div class=\"elementor-element elementor-element-1392f93 elementor-widget elementor-widget-heading\" data-id=\"1392f93\" data-element_type=\"widget\" data-widget_type=\"heading.default\">\n\t\t\t\t<div class=\"elementor-widget-container\">\n\t\t\t\t\t<h1 class=\"elementor-heading-title elementor-size-default\">Actualit\u00e9s associative<\/h1>\t\t\t\t<\/div>\n\t\t\t\t<\/div>\n\t\t\t\t<div class=\"elementor-element elementor-element-2057960 elementor-widget-divider--view-line elementor-widget elementor-widget-divider\" data-id=\"2057960\" data-element_type=\"widget\" data-widget_type=\"divider.default\">\n\t\t\t\t<div class=\"elementor-widget-container\">\n\t\t\t\t\t\t\t<div class=\"elementor-divider\">\n\t\t\t<span class=\"elementor-divider-separator\">\n\t\t\t\t\t\t<\/span>\n\t\t<\/div>\n\t\t\t\t\t\t<\/div>\n\t\t\t\t<\/div>\n\t\t\t\t<div class=\"elementor-element elementor-element-18b6cbb elementor-widget elementor-widget-text-editor\" data-id=\"18b6cbb\" data-element_type=\"widget\" data-widget_type=\"text-editor.default\">\n\t\t\t\t<div class=\"elementor-widget-container\">\n\t\t\t\t\t\t\t\t\t<p>D\u00e9couvrez les derni\u00e8res nouvelles et \u00e9v\u00e9nements de l&rsquo;association Ariane M\u00e9diterran\u00e9e.<br \/><br \/>Suivez les activit\u00e9s, formations et actions men\u00e9es<\/p>\t\t\t\t\t\t\t\t<\/div>\n\t\t\t\t<\/div>\n\t\t\t\t<\/div>\n\t\t\t\t<\/div>\n\t\t<div class=\"elementor-element elementor-element-6129970 e-flex e-con-boxed e-con e-parent\" data-id=\"6129970\" data-element_type=\"container\" data-settings=\"{&quot;background_background&quot;:&quot;classic&quot;}\">\n\t\t\t\t\t<div class=\"e-con-inner\">\n\t\t\t\t<div class=\"elementor-element elementor-element-d6f5452 elementor-grid-3 elementor-grid-tablet-2 elementor-grid-mobile-1 elementor-posts--thumbnail-top elementor-widget elementor-widget-posts\" data-id=\"d6f5452\" data-element_type=\"widget\" data-settings=\"{&quot;classic_columns&quot;:&quot;3&quot;,&quot;classic_columns_tablet&quot;:&quot;2&quot;,&quot;classic_columns_mobile&quot;:&quot;1&quot;,&quot;classic_row_gap&quot;:{&quot;unit&quot;:&quot;px&quot;,&quot;size&quot;:35,&quot;sizes&quot;:[]},&quot;classic_row_gap_tablet&quot;:{&quot;unit&quot;:&quot;px&quot;,&quot;size&quot;:&quot;&quot;,&quot;sizes&quot;:[]},&quot;classic_row_gap_mobile&quot;:{&quot;unit&quot;:&quot;px&quot;,&quot;size&quot;:&quot;&quot;,&quot;sizes&quot;:[]}}\" data-widget_type=\"posts.classic\">\n\t\t\t\t<div class=\"elementor-widget-container\">\n\t\t\t\t\t\t\t<div class=\"elementor-posts-container elementor-posts elementor-posts--skin-classic elementor-grid\">\n\t\t\t\t<article class=\"elementor-post elementor-grid-item post-811 post type-post status-publish format-standard has-post-thumbnail hentry category-actualites\">\n\t\t\t\t<a class=\"elementor-post__thumbnail__link\" href=\"https:\/\/ariane-mediterranee.fr\/index.php\/2026\/01\/23\/bonne-annee-2026\/\" tabindex=\"-1\" >\n\t\t\t<div class=\"elementor-post__thumbnail\"><img fetchpriority=\"high\" decoding=\"async\" width=\"300\" height=\"300\" src=\"https:\/\/ariane-mediterranee.fr\/wp-content\/uploads\/2026\/01\/Voeux-2026-Ariane-3-300x300.png\" class=\"attachment-medium size-medium wp-image-813\" alt=\"\" srcset=\"https:\/\/ariane-mediterranee.fr\/wp-content\/uploads\/2026\/01\/Voeux-2026-Ariane-3-300x300.png 300w, https:\/\/ariane-mediterranee.fr\/wp-content\/uploads\/2026\/01\/Voeux-2026-Ariane-3-1024x1024.png 1024w, https:\/\/ariane-mediterranee.fr\/wp-content\/uploads\/2026\/01\/Voeux-2026-Ariane-3-150x150.png 150w, https:\/\/ariane-mediterranee.fr\/wp-content\/uploads\/2026\/01\/Voeux-2026-Ariane-3-768x768.png 768w, https:\/\/ariane-mediterranee.fr\/wp-content\/uploads\/2026\/01\/Voeux-2026-Ariane-3.png 1500w\" sizes=\"(max-width: 300px) 100vw, 300px\" \/><\/div>\n\t\t<\/a>\n\t\t\t\t<div class=\"elementor-post__text\">\n\t\t\t\t<h3 class=\"elementor-post__title\">\n\t\t\t<a href=\"https:\/\/ariane-mediterranee.fr\/index.php\/2026\/01\/23\/bonne-annee-2026\/\" >\n\t\t\t\tBonne ann\u00e9e 2026 !\t\t\t<\/a>\n\t\t<\/h3>\n\t\t\t\t<div class=\"elementor-post__meta-data\">\n\t\t\t\t\t<span class=\"elementor-post-date\">\n\t\t\t23 janvier 2026\t\t<\/span>\n\t\t\t\t<\/div>\n\t\t\t\t<div class=\"elementor-post__excerpt\">\n\t\t\t<p>Une nouvelle page s\u2019ouvre pour 2026. Pas comme une page blanche, mais comme la suite logique de ce que nous avons construit, des liens que nous avons tiss\u00e9s, et des engagements que nous faisons vivre chaque jour.<\/p>\n\t\t<\/div>\n\t\t\n\t\t<a class=\"elementor-post__read-more\" href=\"https:\/\/ariane-mediterranee.fr\/index.php\/2026\/01\/23\/bonne-annee-2026\/\" aria-label=\"Read more about Bonne ann\u00e9e 2026 !\" tabindex=\"-1\" >\n\t\t\tLire la suite \u2192\t\t<\/a>\n\n\t\t\t\t<\/div>\n\t\t\t\t<\/article>\n\t\t\t\t<article class=\"elementor-post elementor-grid-item post-714 post type-post status-publish format-standard has-post-thumbnail hentry category-actualites\">\n\t\t\t\t<a class=\"elementor-post__thumbnail__link\" href=\"https:\/\/ariane-mediterranee.fr\/index.php\/2025\/03\/18\/ariane-mediterranee-renforce-son-impact-au-coeur-de-toulon-une-nouvelle-antenne-au-54-bd-de-strasbourg\/\" tabindex=\"-1\" >\n\t\t\t<div class=\"elementor-post__thumbnail\"><img decoding=\"async\" width=\"300\" height=\"186\" src=\"https:\/\/ariane-mediterranee.fr\/wp-content\/uploads\/2025\/03\/2-300x186.jpg\" class=\"attachment-medium size-medium wp-image-716\" alt=\"\" srcset=\"https:\/\/ariane-mediterranee.fr\/wp-content\/uploads\/2025\/03\/2-300x186.jpg 300w, https:\/\/ariane-mediterranee.fr\/wp-content\/uploads\/2025\/03\/2-1024x636.jpg 1024w, https:\/\/ariane-mediterranee.fr\/wp-content\/uploads\/2025\/03\/2-768x477.jpg 768w, https:\/\/ariane-mediterranee.fr\/wp-content\/uploads\/2025\/03\/2.jpg 1141w\" sizes=\"(max-width: 300px) 100vw, 300px\" \/><\/div>\n\t\t<\/a>\n\t\t\t\t<div class=\"elementor-post__text\">\n\t\t\t\t<h3 class=\"elementor-post__title\">\n\t\t\t<a href=\"https:\/\/ariane-mediterranee.fr\/index.php\/2025\/03\/18\/ariane-mediterranee-renforce-son-impact-au-coeur-de-toulon-une-nouvelle-antenne-au-54-bd-de-strasbourg\/\" >\n\t\t\t\tAriane M\u00e9diterran\u00e9e Renforce Son Impact au C\u0153ur de Toulon : Une Nouvelle Antenne au 54 Bd de Strasbourg\t\t\t<\/a>\n\t\t<\/h3>\n\t\t\t\t<div class=\"elementor-post__meta-data\">\n\t\t\t\t\t<span class=\"elementor-post-date\">\n\t\t\t18 mars 2025\t\t<\/span>\n\t\t\t\t<\/div>\n\t\t\t\t<div class=\"elementor-post__excerpt\">\n\t\t\t<p>Ariane M\u00e9diterran\u00e9e Renforce Son Impact au C\u0153ur de Toulon : Une Nouvelle Antenne au 54 Bd de Strasbourg<\/p>\n\t\t<\/div>\n\t\t\n\t\t<a class=\"elementor-post__read-more\" href=\"https:\/\/ariane-mediterranee.fr\/index.php\/2025\/03\/18\/ariane-mediterranee-renforce-son-impact-au-coeur-de-toulon-une-nouvelle-antenne-au-54-bd-de-strasbourg\/\" aria-label=\"Read more about Ariane M\u00e9diterran\u00e9e Renforce Son Impact au C\u0153ur de Toulon : Une Nouvelle Antenne au 54 Bd de Strasbourg\" tabindex=\"-1\" >\n\t\t\tLire la suite \u2192\t\t<\/a>\n\n\t\t\t\t<\/div>\n\t\t\t\t<\/article>\n\t\t\t\t<article class=\"elementor-post elementor-grid-item post-582 post type-post status-publish format-standard has-post-thumbnail hentry category-actualites\">\n\t\t\t\t<a class=\"elementor-post__thumbnail__link\" href=\"https:\/\/ariane-mediterranee.fr\/index.php\/2025\/02\/19\/efs-resultats-et-remerciements\/\" tabindex=\"-1\" >\n\t\t\t<div class=\"elementor-post__thumbnail\"><img decoding=\"async\" width=\"300\" height=\"202\" src=\"https:\/\/ariane-mediterranee.fr\/wp-content\/uploads\/2025\/02\/EFS-300x202.png\" class=\"attachment-medium size-medium wp-image-584\" alt=\"\" srcset=\"https:\/\/ariane-mediterranee.fr\/wp-content\/uploads\/2025\/02\/EFS-300x202.png 300w, https:\/\/ariane-mediterranee.fr\/wp-content\/uploads\/2025\/02\/EFS-1024x690.png 1024w, https:\/\/ariane-mediterranee.fr\/wp-content\/uploads\/2025\/02\/EFS-768x518.png 768w, https:\/\/ariane-mediterranee.fr\/wp-content\/uploads\/2025\/02\/EFS-1536x1035.png 1536w, https:\/\/ariane-mediterranee.fr\/wp-content\/uploads\/2025\/02\/EFS.png 1979w\" sizes=\"(max-width: 300px) 100vw, 300px\" \/><\/div>\n\t\t<\/a>\n\t\t\t\t<div class=\"elementor-post__text\">\n\t\t\t\t<h3 class=\"elementor-post__title\">\n\t\t\t<a href=\"https:\/\/ariane-mediterranee.fr\/index.php\/2025\/02\/19\/efs-resultats-et-remerciements\/\" >\n\t\t\t\tEFS &#8211; R\u00e9sultats et remerciements\t\t\t<\/a>\n\t\t<\/h3>\n\t\t\t\t<div class=\"elementor-post__meta-data\">\n\t\t\t\t\t<span class=\"elementor-post-date\">\n\t\t\t19 f\u00e9vrier 2025\t\t<\/span>\n\t\t\t\t<\/div>\n\t\t\t\t<div class=\"elementor-post__excerpt\">\n\t\t\t<p>ARIANE M\u00e9diterran\u00e9e s\u2019engage tout au long de l\u2019ann\u00e9e dans des actions citoyennes et responsables ce qui correspond \u00e0 nos valeurs et la culture de notre structure.<\/p>\n\t\t<\/div>\n\t\t\n\t\t<a class=\"elementor-post__read-more\" href=\"https:\/\/ariane-mediterranee.fr\/index.php\/2025\/02\/19\/efs-resultats-et-remerciements\/\" aria-label=\"Read more about EFS &#8211; R\u00e9sultats et remerciements\" tabindex=\"-1\" >\n\t\t\tLire la suite \u2192\t\t<\/a>\n\n\t\t\t\t<\/div>\n\t\t\t\t<\/article>\n\t\t\t\t<article class=\"elementor-post elementor-grid-item post-546 post type-post status-publish format-standard has-post-thumbnail hentry category-actualites\">\n\t\t\t\t<a class=\"elementor-post__thumbnail__link\" href=\"https:\/\/ariane-mediterranee.fr\/index.php\/2025\/02\/19\/la-pmsmp-un-outil-dinsertion\/\" tabindex=\"-1\" >\n\t\t\t<div class=\"elementor-post__thumbnail\"><img loading=\"lazy\" decoding=\"async\" width=\"150\" height=\"150\" src=\"https:\/\/ariane-mediterranee.fr\/wp-content\/uploads\/2025\/02\/pmsmp-topaz-enhance-4x-150x150-1.jpg\" class=\"attachment-medium size-medium wp-image-547\" alt=\"\" \/><\/div>\n\t\t<\/a>\n\t\t\t\t<div class=\"elementor-post__text\">\n\t\t\t\t<h3 class=\"elementor-post__title\">\n\t\t\t<a href=\"https:\/\/ariane-mediterranee.fr\/index.php\/2025\/02\/19\/la-pmsmp-un-outil-dinsertion\/\" >\n\t\t\t\tLa PMSMP : Un outil d&rsquo;insertion\t\t\t<\/a>\n\t\t<\/h3>\n\t\t\t\t<div class=\"elementor-post__meta-data\">\n\t\t\t\t\t<span class=\"elementor-post-date\">\n\t\t\t19 f\u00e9vrier 2025\t\t<\/span>\n\t\t\t\t<\/div>\n\t\t\t\t<div class=\"elementor-post__excerpt\">\n\t\t\t<p>Le 4 avril, \u00e0 l\u2019occasion du lancement de Var Insertion Travail au Palais Neptune \u00e0 Toulon, ARIANE M\u00e9diterran\u00e9e a pu pr\u00e9senter un outil d\u2019insertion : la PMSMP (P\u00e9riode de Mise en Situation en Milieu Professionnel).<\/p>\n\t\t<\/div>\n\t\t\n\t\t<a class=\"elementor-post__read-more\" href=\"https:\/\/ariane-mediterranee.fr\/index.php\/2025\/02\/19\/la-pmsmp-un-outil-dinsertion\/\" aria-label=\"Read more about La PMSMP : Un outil d&rsquo;insertion\" tabindex=\"-1\" >\n\t\t\tLire la suite \u2192\t\t<\/a>\n\n\t\t\t\t<\/div>\n\t\t\t\t<\/article>\n\t\t\t\t<article class=\"elementor-post elementor-grid-item post-524 post type-post status-publish format-standard has-post-thumbnail hentry category-actualites\">\n\t\t\t\t<a class=\"elementor-post__thumbnail__link\" href=\"https:\/\/ariane-mediterranee.fr\/index.php\/2025\/02\/19\/ariane-vous-souhaite-une-tres-bonne-annee-2025\/\" tabindex=\"-1\" >\n\t\t\t<div class=\"elementor-post__thumbnail\"><img loading=\"lazy\" decoding=\"async\" width=\"300\" height=\"300\" src=\"https:\/\/ariane-mediterranee.fr\/wp-content\/uploads\/2025\/02\/voeux-2025-300x300.png\" class=\"attachment-medium size-medium wp-image-525\" alt=\"\" srcset=\"https:\/\/ariane-mediterranee.fr\/wp-content\/uploads\/2025\/02\/voeux-2025-300x300.png 300w, https:\/\/ariane-mediterranee.fr\/wp-content\/uploads\/2025\/02\/voeux-2025-1024x1024.png 1024w, https:\/\/ariane-mediterranee.fr\/wp-content\/uploads\/2025\/02\/voeux-2025-150x150.png 150w, https:\/\/ariane-mediterranee.fr\/wp-content\/uploads\/2025\/02\/voeux-2025-768x768.png 768w, https:\/\/ariane-mediterranee.fr\/wp-content\/uploads\/2025\/02\/voeux-2025.png 1500w\" sizes=\"(max-width: 300px) 100vw, 300px\" \/><\/div>\n\t\t<\/a>\n\t\t\t\t<div class=\"elementor-post__text\">\n\t\t\t\t<h3 class=\"elementor-post__title\">\n\t\t\t<a href=\"https:\/\/ariane-mediterranee.fr\/index.php\/2025\/02\/19\/ariane-vous-souhaite-une-tres-bonne-annee-2025\/\" >\n\t\t\t\tAriane vous souhaite une tr\u00e8s bonne ann\u00e9e 2025\t\t\t<\/a>\n\t\t<\/h3>\n\t\t\t\t<div class=\"elementor-post__meta-data\">\n\t\t\t\t\t<span class=\"elementor-post-date\">\n\t\t\t19 f\u00e9vrier 2025\t\t<\/span>\n\t\t\t\t<\/div>\n\t\t\t\t<div class=\"elementor-post__excerpt\">\n\t\t\t<p>\ud83d\udce2 En 2025, nous continuerons \u00e0 \u0153uvrer pour l&rsquo;insertion professionnelle, la formation et l&rsquo;accompagnement personnalis\u00e9, tout en nous adaptant aux \u00e9volutions et aux transformations de notre secteur.<\/p>\n\t\t<\/div>\n\t\t\n\t\t<a class=\"elementor-post__read-more\" href=\"https:\/\/ariane-mediterranee.fr\/index.php\/2025\/02\/19\/ariane-vous-souhaite-une-tres-bonne-annee-2025\/\" aria-label=\"Read more about Ariane vous souhaite une tr\u00e8s bonne ann\u00e9e 2025\" tabindex=\"-1\" >\n\t\t\tLire la suite \u2192\t\t<\/a>\n\n\t\t\t\t<\/div>\n\t\t\t\t<\/article>\n\t\t\t\t<\/div>\n\t\t\n\t\t\t\t\t\t<\/div>\n\t\t\t\t<\/div>\n\t\t\t\t\t<\/div>\n\t\t\t\t<\/div>\n\t\t\t\t<\/div>\n\t\t","protected":false},"excerpt":{"rendered":"<p>R\u00e9capitulatif Horizon Bleu Voir la vid\u00e9o r\u00e9capitulative Actualit\u00e9s associative D\u00e9couvrez les derni\u00e8res nouvelles et \u00e9v\u00e9nements de l&rsquo;association Ariane M\u00e9diterran\u00e9e. Suivez les activit\u00e9s, formations et actions men\u00e9es<\/p>\n","protected":false},"author":1,"featured_media":0,"parent":0,"menu_order":0,"comment_status":"closed","ping_status":"closed","template":"","meta":{"footnotes":""},"class_list":["post-590","page","type-page","status-publish","hentry"],"yoast_head":"<!-- This site is optimized with the Yoast SEO plugin v24.6 - https:\/\/yoast.com\/wordpress\/plugins\/seo\/ -->\n<title>Actualit\u00e9s - Ariane M\u00e9diterran\u00e9e<\/title>\n<meta name=\"robots\" content=\"index, follow, max-snippet:-1, max-image-preview:large, max-video-preview:-1\" \/>\n<link rel=\"canonical\" href=\"https:\/\/ariane-mediterranee.fr\/index.php\/actualites\/\" \/>\n<meta property=\"og:locale\" content=\"fr_FR\" \/>\n<meta property=\"og:type\" content=\"article\" \/>\n<meta property=\"og:title\" content=\"Actualit\u00e9s - Ariane M\u00e9diterran\u00e9e\" \/>\n<meta property=\"og:description\" content=\"R\u00e9capitulatif Horizon Bleu Voir la vid\u00e9o r\u00e9capitulative Actualit\u00e9s associative D\u00e9couvrez les derni\u00e8res nouvelles et \u00e9v\u00e9nements de l&rsquo;association Ariane M\u00e9diterran\u00e9e. Suivez les activit\u00e9s, formations et actions men\u00e9es\" \/>\n<meta property=\"og:url\" content=\"https:\/\/ariane-mediterranee.fr\/index.php\/actualites\/\" \/>\n<meta property=\"og:site_name\" content=\"Ariane M\u00e9diterran\u00e9e\" \/>\n<meta property=\"article:modified_time\" content=\"2026-01-23T12:52:57+00:00\" \/>\n<meta name=\"twitter:card\" content=\"summary_large_image\" \/>\n<script type=\"application\/ld+json\" class=\"yoast-schema-graph\">{\"@context\":\"https:\/\/schema.org\",\"@graph\":[{\"@type\":\"WebPage\",\"@id\":\"https:\/\/ariane-mediterranee.fr\/index.php\/actualites\/\",\"url\":\"https:\/\/ariane-mediterranee.fr\/index.php\/actualites\/\",\"name\":\"Actualit\u00e9s - Ariane M\u00e9diterran\u00e9e\",\"isPartOf\":{\"@id\":\"https:\/\/ariane-mediterranee.fr\/#website\"},\"datePublished\":\"2025-02-19T13:40:20+00:00\",\"dateModified\":\"2026-01-23T12:52:57+00:00\",\"breadcrumb\":{\"@id\":\"https:\/\/ariane-mediterranee.fr\/index.php\/actualites\/#breadcrumb\"},\"inLanguage\":\"fr-FR\",\"potentialAction\":[{\"@type\":\"ReadAction\",\"target\":[\"https:\/\/ariane-mediterranee.fr\/index.php\/actualites\/\"]}]},{\"@type\":\"BreadcrumbList\",\"@id\":\"https:\/\/ariane-mediterranee.fr\/index.php\/actualites\/#breadcrumb\",\"itemListElement\":[{\"@type\":\"ListItem\",\"position\":1,\"name\":\"Accueil\",\"item\":\"https:\/\/ariane-mediterranee.fr\/\"},{\"@type\":\"ListItem\",\"position\":2,\"name\":\"Actualit\u00e9s\"}]},{\"@type\":\"WebSite\",\"@id\":\"https:\/\/ariane-mediterranee.fr\/#website\",\"url\":\"https:\/\/ariane-mediterranee.fr\/\",\"name\":\"Ariane M\u00e9diterran\u00e9e\",\"description\":\"Osons ensemble l&#039;inclusion pour tous\",\"publisher\":{\"@id\":\"https:\/\/ariane-mediterranee.fr\/#organization\"},\"potentialAction\":[{\"@type\":\"SearchAction\",\"target\":{\"@type\":\"EntryPoint\",\"urlTemplate\":\"https:\/\/ariane-mediterranee.fr\/?s={search_term_string}\"},\"query-input\":{\"@type\":\"PropertyValueSpecification\",\"valueRequired\":true,\"valueName\":\"search_term_string\"}}],\"inLanguage\":\"fr-FR\"},{\"@type\":\"Organization\",\"@id\":\"https:\/\/ariane-mediterranee.fr\/#organization\",\"name\":\"Ariane M\u00e9diterran\u00e9e\",\"url\":\"https:\/\/ariane-mediterranee.fr\/\",\"logo\":{\"@type\":\"ImageObject\",\"inLanguage\":\"fr-FR\",\"@id\":\"https:\/\/ariane-mediterranee.fr\/#\/schema\/logo\/image\/\",\"url\":\"https:\/\/ariane-mediterranee.fr\/wp-content\/uploads\/2025\/02\/cropped-Logo-noir.png\",\"contentUrl\":\"https:\/\/ariane-mediterranee.fr\/wp-content\/uploads\/2025\/02\/cropped-Logo-noir.png\",\"width\":1677,\"height\":1240,\"caption\":\"Ariane M\u00e9diterran\u00e9e\"},\"image\":{\"@id\":\"https:\/\/ariane-mediterranee.fr\/#\/schema\/logo\/image\/\"}}]}<\/script>\n<!-- \/ Yoast SEO plugin. -->","yoast_head_json":{"title":"Actualit\u00e9s - Ariane M\u00e9diterran\u00e9e","robots":{"index":"index","follow":"follow","max-snippet":"max-snippet:-1","max-image-preview":"max-image-preview:large","max-video-preview":"max-video-preview:-1"},"canonical":"https:\/\/ariane-mediterranee.fr\/index.php\/actualites\/","og_locale":"fr_FR","og_type":"article","og_title":"Actualit\u00e9s - Ariane M\u00e9diterran\u00e9e","og_description":"R\u00e9capitulatif Horizon Bleu Voir la vid\u00e9o r\u00e9capitulative Actualit\u00e9s associative D\u00e9couvrez les derni\u00e8res nouvelles et \u00e9v\u00e9nements de l&rsquo;association Ariane M\u00e9diterran\u00e9e. Suivez les activit\u00e9s, formations et actions men\u00e9es","og_url":"https:\/\/ariane-mediterranee.fr\/index.php\/actualites\/","og_site_name":"Ariane M\u00e9diterran\u00e9e","article_modified_time":"2026-01-23T12:52:57+00:00","twitter_card":"summary_large_image","schema":{"@context":"https:\/\/schema.org","@graph":[{"@type":"WebPage","@id":"https:\/\/ariane-mediterranee.fr\/index.php\/actualites\/","url":"https:\/\/ariane-mediterranee.fr\/index.php\/actualites\/","name":"Actualit\u00e9s - Ariane M\u00e9diterran\u00e9e","isPartOf":{"@id":"https:\/\/ariane-mediterranee.fr\/#website"},"datePublished":"2025-02-19T13:40:20+00:00","dateModified":"2026-01-23T12:52:57+00:00","breadcrumb":{"@id":"https:\/\/ariane-mediterranee.fr\/index.php\/actualites\/#breadcrumb"},"inLanguage":"fr-FR","potentialAction":[{"@type":"ReadAction","target":["https:\/\/ariane-mediterranee.fr\/index.php\/actualites\/"]}]},{"@type":"BreadcrumbList","@id":"https:\/\/ariane-mediterranee.fr\/index.php\/actualites\/#breadcrumb","itemListElement":[{"@type":"ListItem","position":1,"name":"Accueil","item":"https:\/\/ariane-mediterranee.fr\/"},{"@type":"ListItem","position":2,"name":"Actualit\u00e9s"}]},{"@type":"WebSite","@id":"https:\/\/ariane-mediterranee.fr\/#website","url":"https:\/\/ariane-mediterranee.fr\/","name":"Ariane M\u00e9diterran\u00e9e","description":"Osons ensemble l&#039;inclusion pour tous","publisher":{"@id":"https:\/\/ariane-mediterranee.fr\/#organization"},"potentialAction":[{"@type":"SearchAction","target":{"@type":"EntryPoint","urlTemplate":"https:\/\/ariane-mediterranee.fr\/?s={search_term_string}"},"query-input":{"@type":"PropertyValueSpecification","valueRequired":true,"valueName":"search_term_string"}}],"inLanguage":"fr-FR"},{"@type":"Organization","@id":"https:\/\/ariane-mediterranee.fr\/#organization","name":"Ariane M\u00e9diterran\u00e9e","url":"https:\/\/ariane-mediterranee.fr\/","logo":{"@type":"ImageObject","inLanguage":"fr-FR","@id":"https:\/\/ariane-mediterranee.fr\/#\/schema\/logo\/image\/","url":"https:\/\/ariane-mediterranee.fr\/wp-content\/uploads\/2025\/02\/cropped-Logo-noir.png","contentUrl":"https:\/\/ariane-mediterranee.fr\/wp-content\/uploads\/2025\/02\/cropped-Logo-noir.png","width":1677,"height":1240,"caption":"Ariane M\u00e9diterran\u00e9e"},"image":{"@id":"https:\/\/ariane-mediterranee.fr\/#\/schema\/logo\/image\/"}}]}},"_links":{"self":[{"href":"https:\/\/ariane-mediterranee.fr\/index.php\/wp-json\/wp\/v2\/pages\/590","targetHints":{"allow":["GET"]}}],"collection":[{"href":"https:\/\/ariane-mediterranee.fr\/index.php\/wp-json\/wp\/v2\/pages"}],"about":[{"href":"https:\/\/ariane-mediterranee.fr\/index.php\/wp-json\/wp\/v2\/types\/page"}],"author":[{"embeddable":true,"href":"https:\/\/ariane-mediterranee.fr\/index.php\/wp-json\/wp\/v2\/users\/1"}],"replies":[{"embeddable":true,"href":"https:\/\/ariane-mediterranee.fr\/index.php\/wp-json\/wp\/v2\/comments?post=590"}],"version-history":[{"count":10,"href":"https:\/\/ariane-mediterranee.fr\/index.php\/wp-json\/wp\/v2\/pages\/590\/revisions"}],"predecessor-version":[{"id":862,"href":"https:\/\/ariane-mediterranee.fr\/index.php\/wp-json\/wp\/v2\/pages\/590\/revisions\/862"}],"wp:attachment":[{"href":"https:\/\/ariane-mediterranee.fr\/index.php\/wp-json\/wp\/v2\/media?parent=590"}],"curies":[{"name":"wp","href":"https:\/\/api.w.org\/{rel}","templated":true}]}}